{"id":20749,"date":"2025-03-23T18:13:16","date_gmt":"2025-03-23T18:13:16","guid":{"rendered":"https:\/\/norwegianestates.com\/?page_id=20749"},"modified":"2025-03-23T18:18:38","modified_gmt":"2025-03-23T18:18:38","slug":"conocenos","status":"publish","type":"page","link":"https:\/\/norwegianestates.com\/es\/conocenos\/","title":{"rendered":"Con\u00f3cenos"},"content":{"rendered":"\t\t<div data-elementor-type=\"wp-page\" data-elementor-id=\"20749\" class=\"elementor elementor-20749 elementor-16650\">\n\t\t\t\t<div class=\"elementor-element elementor-element-4a1726d e-flex e-con-boxed e-con e-parent\" data-id=\"4a1726d\" data-element_type=\"container\" data-settings=\"{&quot;background_background&quot;:&quot;classic&quot;}\">\n\t\t\t\t\t<div class=\"e-con-inner\">\n\t\t<div class=\"elementor-element elementor-element-36463b6 e-con-full e-flex e-con e-child\" data-id=\"36463b6\" data-element_type=\"container\">\n\t\t<div class=\"elementor-element elementor-element-557f620 e-con-full e-flex elementor-invisible e-con e-child\" data-id=\"557f620\" data-element_type=\"container\" data-settings=\"{&quot;animation&quot;:&quot;fadeIn&quot;}\">\n\t\t\t\t<div class=\"elementor-element elementor-element-cf87df8 animated-fast elementor-invisible elementor-widget elementor-widget-heading\" data-id=\"cf87df8\" data-element_type=\"widget\" data-settings=\"{&quot;_animation&quot;:&quot;fadeInUp&quot;}\" data-widget_type=\"heading.default\">\n\t\t\t\t<div class=\"elementor-widget-container\">\n\t\t\t\t\t<h2 class=\"elementor-heading-title elementor-size-default\">Sobre nosotros<\/h2>\t\t\t\t<\/div>\n\t\t\t\t<\/div>\n\t\t\t\t<div class=\"elementor-element elementor-element-8b71042 animated-fast elementor-widget__width-initial elementor-invisible elementor-widget elementor-widget-text-editor\" data-id=\"8b71042\" data-element_type=\"widget\" data-settings=\"{&quot;_animation&quot;:&quot;fadeInUp&quot;,&quot;_animation_delay&quot;:250}\" data-widget_type=\"text-editor.default\">\n\t\t\t\t<div class=\"elementor-widget-container\">\n\t\t\t\t\t\t\t\t\t<p>Norwegian Real Estate es una Compa\u00f1\u00eda de Brokerage Internacional especializada en las oportunidades de Inversi\u00f3n, Construcci\u00f3n y Gesti\u00f3n de promociones y proyectos de renovaci\u00f3n, Venta, Alquiler y Adquisici\u00f3n de Propiedades Inmobiliarias en Marbella y dentro del amplio territorio de la Costa del Sol.<\/p>\t\t\t\t\t\t\t\t<\/div>\n\t\t\t\t<\/div>\n\t\t\t\t<div class=\"elementor-element elementor-element-cb63311 elementor-widget elementor-widget-image\" data-id=\"cb63311\" data-element_type=\"widget\" data-widget_type=\"image.default\">\n\t\t\t\t<div class=\"elementor-widget-container\">\n\t\t\t\t\t\t\t\t\t\t\t\t\t\t\t<img fetchpriority=\"high\" decoding=\"async\" width=\"2000\" height=\"1125\" src=\"https:\/\/norwegianestates.com\/wp-content\/uploads\/2025\/02\/DJI_0340.jpg\" class=\"attachment-full size-full wp-image-21206\" alt=\"\" srcset=\"https:\/\/norwegianestates.com\/wp-content\/uploads\/2025\/02\/DJI_0340.jpg 2000w, https:\/\/norwegianestates.com\/wp-content\/uploads\/2025\/02\/DJI_0340-300x169.jpg 300w, https:\/\/norwegianestates.com\/wp-content\/uploads\/2025\/02\/DJI_0340-1024x576.jpg 1024w, https:\/\/norwegianestates.com\/wp-content\/uploads\/2025\/02\/DJI_0340-768x432.jpg 768w, https:\/\/norwegianestates.com\/wp-content\/uploads\/2025\/02\/DJI_0340-1536x864.jpg 1536w, https:\/\/norwegianestates.com\/wp-content\/uploads\/2025\/02\/DJI_0340-1067x600.jpg 1067w, https:\/\/norwegianestates.com\/wp-content\/uploads\/2025\/02\/DJI_0340-496x279.jpg 496w\" sizes=\"(max-width: 2000px) 100vw, 2000px\" \/>\t\t\t\t\t\t\t\t\t\t\t\t\t\t\t<\/div>\n\t\t\t\t<\/div>\n\t\t\t\t<div class=\"elementor-element elementor-element-78e5cd7 elementor-widget elementor-widget-text-editor\" data-id=\"78e5cd7\" data-element_type=\"widget\" data-widget_type=\"text-editor.default\">\n\t\t\t\t<div class=\"elementor-widget-container\">\n\t\t\t\t\t\t\t\t\t<p>El objetivo de nuestro equipo multinacional de especialistas es brindar la mejor asistencia profesional en el sector inmobiliario y sus servicios.<\/p><p>Nos centramos en propiedades de alta calidad que responden a las necesidades de una clientela multicultural exigente que busca oportunidades inmobiliarias y opciones de inversi\u00f3n en toda la Costa del Sol.<\/p><p>Ofrecemos una amplia cartera comercial, reforzada por una s\u00f3lida red local e internacional de plataformas profesionales, y un reconocido grupo de colaboradores y agencias privadas.<\/p><p>El objetivo principal de Norwegian Real Estates es convertirnos en su asesor de confianza y seguir ayud\u00e1ndole en su proceso de compra inicial, ya que ofrecemos servicios de gesti\u00f3n, promoci\u00f3n, alquiler y venta de propiedades; asistencia en tr\u00e1mites legales y administrativos, permisos de construcci\u00f3n, licencias de primera ocupaci\u00f3n, Golden Visa, etc.<\/p><p>Creemos en la creciente demanda inmobiliaria y en una rentabilidad de la inversi\u00f3n en la emblem\u00e1tica regi\u00f3n de Marbella y la Costa del Sol.<\/p><p>Con una variedad de socios como ABOGADOS, CONTABLES, ARQUITECTOS, INGENIEROS, EMPRESAS DE CONSTRUCCI\u00d3N, ADMINISTRADORES DE PROPIEDADES, DISE\u00d1ADORES y muchos otros.<\/p>\t\t\t\t\t\t\t\t<\/div>\n\t\t\t\t<\/div>\n\t\t\t\t<\/div>\n\t\t\t\t<div class=\"elementor-element elementor-element-b18ab2c elementor-widget elementor-widget-houzez_elementor_space\" data-id=\"b18ab2c\" data-element_type=\"widget\" data-widget_type=\"houzez_elementor_space.default\">\n\t\t\t\t<div class=\"elementor-widget-container\">\n\t\t\t\t\t        <div class=\"houzez-spacer\">\n            <div class=\"houzez-spacer-inner\"><\/div>\n        <\/div>\n        \t\t\t\t<\/div>\n\t\t\t\t<\/div>\n\t\t\t\t<\/div>\n\t\t\t\t\t<\/div>\n\t\t\t\t<\/div>\n\t\t\t\t<\/div>\n\t\t","protected":false},"excerpt":{"rendered":"<p>Sobre nosotros Norwegian Real Estate es una Compa\u00f1\u00eda de Brokerage Internacional especializada en las oportunidades de Inversi\u00f3n, Construcci\u00f3n y Gesti\u00f3n de promociones y proyectos de renovaci\u00f3n, Venta, Alquiler y Adquisici\u00f3n de Propiedades Inmobiliarias en Marbella y dentro del amplio territorio de la Costa del Sol. El objetivo de nuestro equipo multinacional de especialistas es brindar [&hellip;]<\/p>\n","protected":false},"author":1,"featured_media":0,"parent":0,"menu_order":0,"comment_status":"closed","ping_status":"closed","template":"template\/template-homepage.php","meta":{"_joinchat":[],"footnotes":""},"class_list":["post-20749","page","type-page","status-publish","hentry"],"yoast_head":"<!-- This site is optimized with the Yoast SEO plugin v27.1.1 - https:\/\/yoast.com\/product\/yoast-seo-wordpress\/ -->\n<title>Con\u00f3cenos - Norwegian Estates<\/title>\n<meta name=\"robots\" content=\"index, follow, max-snippet:-1, max-image-preview:large, max-video-preview:-1\" \/>\n<link rel=\"canonical\" href=\"https:\/\/norwegianestates.com\/es\/conocenos\/\" \/>\n<meta property=\"og:locale\" content=\"es_ES\" \/>\n<meta property=\"og:type\" content=\"article\" \/>\n<meta property=\"og:title\" content=\"Con\u00f3cenos - Norwegian Estates\" \/>\n<meta property=\"og:description\" content=\"Sobre nosotros Norwegian Real Estate es una Compa\u00f1\u00eda de Brokerage Internacional especializada en las oportunidades de Inversi\u00f3n, Construcci\u00f3n y Gesti\u00f3n de promociones y proyectos de renovaci\u00f3n, Venta, Alquiler y Adquisici\u00f3n de Propiedades Inmobiliarias en Marbella y dentro del amplio territorio de la Costa del Sol. El objetivo de nuestro equipo multinacional de especialistas es brindar [&hellip;]\" \/>\n<meta property=\"og:url\" content=\"https:\/\/norwegianestates.com\/es\/conocenos\/\" \/>\n<meta property=\"og:site_name\" content=\"Norwegian Estates\" \/>\n<meta property=\"article:publisher\" content=\"https:\/\/www.facebook.com\/norwegianestates\/\" \/>\n<meta property=\"article:modified_time\" content=\"2025-03-23T18:18:38+00:00\" \/>\n<meta property=\"og:image\" content=\"https:\/\/norwegianestates.com\/wp-content\/uploads\/2025\/02\/DJI_0340-1024x576.jpg\" \/>\n\t<meta property=\"og:image:width\" content=\"1024\" \/>\n\t<meta property=\"og:image:height\" content=\"576\" \/>\n\t<meta property=\"og:image:type\" content=\"image\/jpeg\" \/>\n<meta name=\"twitter:card\" content=\"summary_large_image\" \/>\n<meta name=\"twitter:label1\" content=\"Tiempo de lectura\" \/>\n\t<meta name=\"twitter:data1\" content=\"2 minutos\" \/>\n<script type=\"application\/ld+json\" class=\"yoast-schema-graph\">{\"@context\":\"https:\/\/schema.org\",\"@graph\":[{\"@type\":\"WebPage\",\"@id\":\"https:\/\/norwegianestates.com\/es\/conocenos\/\",\"url\":\"https:\/\/norwegianestates.com\/es\/conocenos\/\",\"name\":\"Con\u00f3cenos - Norwegian Estates\",\"isPartOf\":{\"@id\":\"https:\/\/norwegianestates.com\/es\/#website\"},\"primaryImageOfPage\":{\"@id\":\"https:\/\/norwegianestates.com\/es\/conocenos\/#primaryimage\"},\"image\":{\"@id\":\"https:\/\/norwegianestates.com\/es\/conocenos\/#primaryimage\"},\"thumbnailUrl\":\"https:\/\/norwegianestates.com\/wp-content\/uploads\/2025\/02\/DJI_0340.jpg\",\"datePublished\":\"2025-03-23T18:13:16+00:00\",\"dateModified\":\"2025-03-23T18:18:38+00:00\",\"breadcrumb\":{\"@id\":\"https:\/\/norwegianestates.com\/es\/conocenos\/#breadcrumb\"},\"inLanguage\":\"es\",\"potentialAction\":[{\"@type\":\"ReadAction\",\"target\":[\"https:\/\/norwegianestates.com\/es\/conocenos\/\"]}]},{\"@type\":\"ImageObject\",\"inLanguage\":\"es\",\"@id\":\"https:\/\/norwegianestates.com\/es\/conocenos\/#primaryimage\",\"url\":\"https:\/\/norwegianestates.com\/wp-content\/uploads\/2025\/02\/DJI_0340.jpg\",\"contentUrl\":\"https:\/\/norwegianestates.com\/wp-content\/uploads\/2025\/02\/DJI_0340.jpg\"},{\"@type\":\"BreadcrumbList\",\"@id\":\"https:\/\/norwegianestates.com\/es\/conocenos\/#breadcrumb\",\"itemListElement\":[{\"@type\":\"ListItem\",\"position\":1,\"name\":\"Inicio\",\"item\":\"https:\/\/norwegianestates.com\/es\/\"},{\"@type\":\"ListItem\",\"position\":2,\"name\":\"Con\u00f3cenos\"}]},{\"@type\":\"WebSite\",\"@id\":\"https:\/\/norwegianestates.com\/es\/#website\",\"url\":\"https:\/\/norwegianestates.com\/es\/\",\"name\":\"Norwegian Estates\",\"description\":\"\",\"publisher\":{\"@id\":\"https:\/\/norwegianestates.com\/es\/#organization\"},\"potentialAction\":[{\"@type\":\"SearchAction\",\"target\":{\"@type\":\"EntryPoint\",\"urlTemplate\":\"https:\/\/norwegianestates.com\/es\/?s={search_term_string}\"},\"query-input\":{\"@type\":\"PropertyValueSpecification\",\"valueRequired\":true,\"valueName\":\"search_term_string\"}}],\"inLanguage\":\"es\"},{\"@type\":\"Organization\",\"@id\":\"https:\/\/norwegianestates.com\/es\/#organization\",\"name\":\"Norwegian Estates\",\"url\":\"https:\/\/norwegianestates.com\/es\/\",\"logo\":{\"@type\":\"ImageObject\",\"inLanguage\":\"es\",\"@id\":\"https:\/\/norwegianestates.com\/es\/#\/schema\/logo\/image\/\",\"url\":\"https:\/\/norwegianestates.com\/wp-content\/uploads\/2025\/02\/logo-400.jpg\",\"contentUrl\":\"https:\/\/norwegianestates.com\/wp-content\/uploads\/2025\/02\/logo-400.jpg\",\"width\":400,\"height\":111,\"caption\":\"Norwegian Estates\"},\"image\":{\"@id\":\"https:\/\/norwegianestates.com\/es\/#\/schema\/logo\/image\/\"},\"sameAs\":[\"https:\/\/www.facebook.com\/norwegianestates\/\"]}]}<\/script>\n<!-- \/ Yoast SEO plugin. -->","yoast_head_json":{"title":"Con\u00f3cenos - Norwegian Estates","robots":{"index":"index","follow":"follow","max-snippet":"max-snippet:-1","max-image-preview":"max-image-preview:large","max-video-preview":"max-video-preview:-1"},"canonical":"https:\/\/norwegianestates.com\/es\/conocenos\/","og_locale":"es_ES","og_type":"article","og_title":"Con\u00f3cenos - Norwegian Estates","og_description":"Sobre nosotros Norwegian Real Estate es una Compa\u00f1\u00eda de Brokerage Internacional especializada en las oportunidades de Inversi\u00f3n, Construcci\u00f3n y Gesti\u00f3n de promociones y proyectos de renovaci\u00f3n, Venta, Alquiler y Adquisici\u00f3n de Propiedades Inmobiliarias en Marbella y dentro del amplio territorio de la Costa del Sol. El objetivo de nuestro equipo multinacional de especialistas es brindar [&hellip;]","og_url":"https:\/\/norwegianestates.com\/es\/conocenos\/","og_site_name":"Norwegian Estates","article_publisher":"https:\/\/www.facebook.com\/norwegianestates\/","article_modified_time":"2025-03-23T18:18:38+00:00","og_image":[{"width":1024,"height":576,"url":"https:\/\/norwegianestates.com\/wp-content\/uploads\/2025\/02\/DJI_0340-1024x576.jpg","type":"image\/jpeg"}],"twitter_card":"summary_large_image","twitter_misc":{"Tiempo de lectura":"2 minutos"},"schema":{"@context":"https:\/\/schema.org","@graph":[{"@type":"WebPage","@id":"https:\/\/norwegianestates.com\/es\/conocenos\/","url":"https:\/\/norwegianestates.com\/es\/conocenos\/","name":"Con\u00f3cenos - Norwegian Estates","isPartOf":{"@id":"https:\/\/norwegianestates.com\/es\/#website"},"primaryImageOfPage":{"@id":"https:\/\/norwegianestates.com\/es\/conocenos\/#primaryimage"},"image":{"@id":"https:\/\/norwegianestates.com\/es\/conocenos\/#primaryimage"},"thumbnailUrl":"https:\/\/norwegianestates.com\/wp-content\/uploads\/2025\/02\/DJI_0340.jpg","datePublished":"2025-03-23T18:13:16+00:00","dateModified":"2025-03-23T18:18:38+00:00","breadcrumb":{"@id":"https:\/\/norwegianestates.com\/es\/conocenos\/#breadcrumb"},"inLanguage":"es","potentialAction":[{"@type":"ReadAction","target":["https:\/\/norwegianestates.com\/es\/conocenos\/"]}]},{"@type":"ImageObject","inLanguage":"es","@id":"https:\/\/norwegianestates.com\/es\/conocenos\/#primaryimage","url":"https:\/\/norwegianestates.com\/wp-content\/uploads\/2025\/02\/DJI_0340.jpg","contentUrl":"https:\/\/norwegianestates.com\/wp-content\/uploads\/2025\/02\/DJI_0340.jpg"},{"@type":"BreadcrumbList","@id":"https:\/\/norwegianestates.com\/es\/conocenos\/#breadcrumb","itemListElement":[{"@type":"ListItem","position":1,"name":"Inicio","item":"https:\/\/norwegianestates.com\/es\/"},{"@type":"ListItem","position":2,"name":"Con\u00f3cenos"}]},{"@type":"WebSite","@id":"https:\/\/norwegianestates.com\/es\/#website","url":"https:\/\/norwegianestates.com\/es\/","name":"Norwegian Estates","description":"","publisher":{"@id":"https:\/\/norwegianestates.com\/es\/#organization"},"potentialAction":[{"@type":"SearchAction","target":{"@type":"EntryPoint","urlTemplate":"https:\/\/norwegianestates.com\/es\/?s={search_term_string}"},"query-input":{"@type":"PropertyValueSpecification","valueRequired":true,"valueName":"search_term_string"}}],"inLanguage":"es"},{"@type":"Organization","@id":"https:\/\/norwegianestates.com\/es\/#organization","name":"Norwegian Estates","url":"https:\/\/norwegianestates.com\/es\/","logo":{"@type":"ImageObject","inLanguage":"es","@id":"https:\/\/norwegianestates.com\/es\/#\/schema\/logo\/image\/","url":"https:\/\/norwegianestates.com\/wp-content\/uploads\/2025\/02\/logo-400.jpg","contentUrl":"https:\/\/norwegianestates.com\/wp-content\/uploads\/2025\/02\/logo-400.jpg","width":400,"height":111,"caption":"Norwegian Estates"},"image":{"@id":"https:\/\/norwegianestates.com\/es\/#\/schema\/logo\/image\/"},"sameAs":["https:\/\/www.facebook.com\/norwegianestates\/"]}]}},"_links":{"self":[{"href":"https:\/\/norwegianestates.com\/es\/wp-json\/wp\/v2\/pages\/20749","targetHints":{"allow":["GET"]}}],"collection":[{"href":"https:\/\/norwegianestates.com\/es\/wp-json\/wp\/v2\/pages"}],"about":[{"href":"https:\/\/norwegianestates.com\/es\/wp-json\/wp\/v2\/types\/page"}],"author":[{"embeddable":true,"href":"https:\/\/norwegianestates.com\/es\/wp-json\/wp\/v2\/users\/1"}],"replies":[{"embeddable":true,"href":"https:\/\/norwegianestates.com\/es\/wp-json\/wp\/v2\/comments?post=20749"}],"version-history":[{"count":4,"href":"https:\/\/norwegianestates.com\/es\/wp-json\/wp\/v2\/pages\/20749\/revisions"}],"predecessor-version":[{"id":20754,"href":"https:\/\/norwegianestates.com\/es\/wp-json\/wp\/v2\/pages\/20749\/revisions\/20754"}],"wp:attachment":[{"href":"https:\/\/norwegianestates.com\/es\/wp-json\/wp\/v2\/media?parent=20749"}],"curies":[{"name":"wp","href":"https:\/\/api.w.org\/{rel}","templated":true}]}}