{"id":20764,"date":"2025-03-23T18:36:40","date_gmt":"2025-03-23T18:36:40","guid":{"rendered":"https:\/\/norwegianestates.com\/?page_id=20764"},"modified":"2025-03-23T18:38:35","modified_gmt":"2025-03-23T18:38:35","slug":"politica-de-cookies","status":"publish","type":"page","link":"https:\/\/norwegianestates.com\/es\/politica-de-cookies\/","title":{"rendered":"Pol\u00edtica de cookies"},"content":{"rendered":"\t\t<div data-elementor-type=\"wp-page\" data-elementor-id=\"20764\" class=\"elementor elementor-20764 elementor-19573\">\n\t\t\t\t<div class=\"elementor-element elementor-element-785d773d e-flex e-con-boxed e-con e-parent\" data-id=\"785d773d\" data-element_type=\"container\">\n\t\t\t\t\t<div class=\"e-con-inner\">\n\t\t\t\t<div class=\"elementor-element elementor-element-788b59b4 elementor-widget elementor-widget-text-editor\" data-id=\"788b59b4\" data-element_type=\"widget\" data-widget_type=\"text-editor.default\">\n\t\t\t\t<div class=\"elementor-widget-container\">\n\t\t\t\t\t\t\t\t\t\n<p>Norwegian Estates informa sobre nuestra Pol\u00edtica de Cookies.<\/p>\n<p><strong>\u00bfQu\u00e9 es una cookie?<\/strong><\/p>\n<p>Las cookies son archivos que contienen peque\u00f1as cantidades de informaci\u00f3n que se descargan en el dispositivo que utiliza el usuario al visitar nuestro sitio web. Su principal objetivo es reconocer al usuario (mediante identificadores que no permiten la identificaci\u00f3n de una persona f\u00edsica) cada vez que accede al sitio web y, adem\u00e1s, nos permiten mejorar la calidad y la usabilidad de nuestros sitios web. Las cookies son esenciales para el funcionamiento de Internet. No pueden da\u00f1ar el dispositivo\/equipo del usuario y, si se activan en la configuraci\u00f3n del navegador del usuario, ayudan a identificar y resolver posibles errores de funcionamiento de nuestro sitio web.<\/p>\n<p><strong>Tipos de cookies<\/strong><\/p>\n<p>Existen diferentes tipos de cookies. Todas funcionan de la misma manera, pero presentan peque\u00f1as diferencias:<\/p>\n<p>Cookies de sesi\u00f3n: Las cookies de sesi\u00f3n solo duran lo que dura la visita del usuario y se eliminan al cerrar el navegador. Su principal objetivo es identificar el tipo de dispositivo y respaldar la seguridad del sitio web o sus funciones b\u00e1sicas. No contienen informaci\u00f3n personal que permita la identificaci\u00f3n de una persona.<\/p>\n<p>Cookies persistentes o permanentes: Se almacenan en el disco duro del dispositivo y el sitio web las lee cada vez que el usuario realiza una nueva visita. Tienen una fecha de caducidad, tras la cual dejan de funcionar. Permiten identificar las acciones y preferencias del usuario; analizar sus visitas, lo que nos ayuda a comprender c\u00f3mo llegan a nuestro sitio web; y nos ayudan a mejorar los servicios que ofrecemos.<\/p>\n<p>Cookies de funcionalidad: Permiten recordar las decisiones tomadas por el usuario, como su nombre de usuario o identificador. La informaci\u00f3n que guardan estas cookies es an\u00f3nima (es decir, no contiene nombre, direcci\u00f3n ni otros datos personales).<\/p>\n<p>Cookies de terceros: Las cookies de terceros son aquellas instaladas por un sitio web distinto del que visita el usuario; por ejemplo, las utilizadas por redes sociales (como Facebook) o complementos de contenido externos (como Google Maps).<\/p>\n<p>Cookies de an\u00e1lisis: Su finalidad es el mantenimiento peri\u00f3dico y garantizar que el usuario disfrute de un funcionamiento y un servicio \u00f3ptimos. Recopilan informaci\u00f3n sobre la actividad del usuario.<\/p>\n<p><strong>Configuraci\u00f3n del usuario para desactivar las cookies<\/strong><\/p>\n<p>Al navegar y continuar en nuestro sitio web, usted consiente el uso de cookies en los t\u00e9rminos y condiciones de esta Pol\u00edtica de Cookies. Norwegian Estates le proporciona acceso a esta Pol\u00edtica de Cookies al acceder al sitio web por primera vez, con el fin de que el Usuario est\u00e9 informado, sin perjuicio de que pueda ejercer su derecho a desactivar, eliminar o rechazar el uso de cookies en cualquier momento.<\/p>\n<p>En cualquier caso, le informamos de que las cookies no son necesarias para el uso de nuestro sitio web. Puede desactivarlas o bloquearlas activando la configuraci\u00f3n adecuada en su navegador, que permite rechazar la instalaci\u00f3n de todas o algunas cookies. La mayor\u00eda de los navegadores le advertir\u00e1n de la presencia de cookies o las rechazar\u00e1n autom\u00e1ticamente. Si decide rechazarlas, podr\u00e1 seguir utilizando nuestro sitio web, aunque el uso de algunos servicios podr\u00e1 ser limitado y, por lo tanto, su experiencia en nuestro sitio web podr\u00e1 ser menos satisfactoria.<\/p>\n<p>Puede consultar informaci\u00f3n sobre c\u00f3mo configurar su(s) navegador(es) de internet para mantener su privacidad y seguridad con respecto a las cookies en las p\u00e1ginas de soporte oficiales de cada navegador principal. Con esta ayuda, el Usuario puede desactivar las cookies mediante la configuraci\u00f3n de su navegador o configurarlo para que se le notifique cuando un servidor desee guardar una cookie.<\/p>\n<p><strong>Informaci\u00f3n de contacto<\/strong><\/p>\n<p>Cualquier pregunta o consulta sobre esta pol\u00edtica de uso de cookies puede enviarnos un correo electr\u00f3nico a la siguiente direcci\u00f3n:<\/p>\n<p>lima@norwegianestates.com<\/p>\t\t\t\t\t\t\t\t<\/div>\n\t\t\t\t<\/div>\n\t\t\t\t\t<\/div>\n\t\t\t\t<\/div>\n\t\t\t\t<\/div>\n\t\t","protected":false},"excerpt":{"rendered":"<p>Norwegian Estates informa sobre nuestra Pol\u00edtica de Cookies. \u00bfQu\u00e9 es una cookie? Las cookies son archivos que contienen peque\u00f1as cantidades de informaci\u00f3n que se descargan en el dispositivo que utiliza el usuario al visitar nuestro sitio web. Su principal objetivo es reconocer al usuario (mediante identificadores que no permiten la identificaci\u00f3n de una persona f\u00edsica) [&hellip;]<\/p>\n","protected":false},"author":1,"featured_media":0,"parent":0,"menu_order":0,"comment_status":"closed","ping_status":"closed","template":"template\/template-page.php","meta":{"_joinchat":[],"footnotes":""},"class_list":["post-20764","page","type-page","status-publish","hentry"],"yoast_head":"<!-- This site is optimized with the Yoast SEO plugin v27.1.1 - https:\/\/yoast.com\/product\/yoast-seo-wordpress\/ -->\n<title>Pol\u00edtica de cookies - Norwegian Estates<\/title>\n<meta name=\"robots\" content=\"index, follow, max-snippet:-1, max-image-preview:large, max-video-preview:-1\" \/>\n<link rel=\"canonical\" href=\"https:\/\/norwegianestates.com\/es\/politica-de-cookies\/\" \/>\n<meta property=\"og:locale\" content=\"es_ES\" \/>\n<meta property=\"og:type\" content=\"article\" \/>\n<meta property=\"og:title\" content=\"Pol\u00edtica de cookies - Norwegian Estates\" \/>\n<meta property=\"og:description\" content=\"Norwegian Estates informa sobre nuestra Pol\u00edtica de Cookies. \u00bfQu\u00e9 es una cookie? Las cookies son archivos que contienen peque\u00f1as cantidades de informaci\u00f3n que se descargan en el dispositivo que utiliza el usuario al visitar nuestro sitio web. Su principal objetivo es reconocer al usuario (mediante identificadores que no permiten la identificaci\u00f3n de una persona f\u00edsica) [&hellip;]\" \/>\n<meta property=\"og:url\" content=\"https:\/\/norwegianestates.com\/es\/politica-de-cookies\/\" \/>\n<meta property=\"og:site_name\" content=\"Norwegian Estates\" \/>\n<meta property=\"article:publisher\" content=\"https:\/\/www.facebook.com\/norwegianestates\/\" \/>\n<meta property=\"article:modified_time\" content=\"2025-03-23T18:38:35+00:00\" \/>\n<meta property=\"og:image\" content=\"https:\/\/norwegianestates.com\/wp-content\/uploads\/2025\/02\/puerto-banus-806346_1280-1-1.jpg\" \/>\n\t<meta property=\"og:image:width\" content=\"1280\" \/>\n\t<meta property=\"og:image:height\" content=\"848\" \/>\n\t<meta property=\"og:image:type\" content=\"image\/jpeg\" \/>\n<meta name=\"twitter:card\" content=\"summary_large_image\" \/>\n<meta name=\"twitter:label1\" content=\"Tiempo de lectura\" \/>\n\t<meta name=\"twitter:data1\" content=\"3 minutos\" \/>\n<script type=\"application\/ld+json\" class=\"yoast-schema-graph\">{\"@context\":\"https:\/\/schema.org\",\"@graph\":[{\"@type\":\"WebPage\",\"@id\":\"https:\/\/norwegianestates.com\/es\/politica-de-cookies\/\",\"url\":\"https:\/\/norwegianestates.com\/es\/politica-de-cookies\/\",\"name\":\"Pol\u00edtica de cookies - Norwegian Estates\",\"isPartOf\":{\"@id\":\"https:\/\/norwegianestates.com\/es\/#website\"},\"datePublished\":\"2025-03-23T18:36:40+00:00\",\"dateModified\":\"2025-03-23T18:38:35+00:00\",\"breadcrumb\":{\"@id\":\"https:\/\/norwegianestates.com\/es\/politica-de-cookies\/#breadcrumb\"},\"inLanguage\":\"es\",\"potentialAction\":[{\"@type\":\"ReadAction\",\"target\":[\"https:\/\/norwegianestates.com\/es\/politica-de-cookies\/\"]}]},{\"@type\":\"BreadcrumbList\",\"@id\":\"https:\/\/norwegianestates.com\/es\/politica-de-cookies\/#breadcrumb\",\"itemListElement\":[{\"@type\":\"ListItem\",\"position\":1,\"name\":\"Inicio\",\"item\":\"https:\/\/norwegianestates.com\/es\/\"},{\"@type\":\"ListItem\",\"position\":2,\"name\":\"Pol\u00edtica de cookies\"}]},{\"@type\":\"WebSite\",\"@id\":\"https:\/\/norwegianestates.com\/es\/#website\",\"url\":\"https:\/\/norwegianestates.com\/es\/\",\"name\":\"Norwegian Estates\",\"description\":\"\",\"publisher\":{\"@id\":\"https:\/\/norwegianestates.com\/es\/#organization\"},\"potentialAction\":[{\"@type\":\"SearchAction\",\"target\":{\"@type\":\"EntryPoint\",\"urlTemplate\":\"https:\/\/norwegianestates.com\/es\/?s={search_term_string}\"},\"query-input\":{\"@type\":\"PropertyValueSpecification\",\"valueRequired\":true,\"valueName\":\"search_term_string\"}}],\"inLanguage\":\"es\"},{\"@type\":\"Organization\",\"@id\":\"https:\/\/norwegianestates.com\/es\/#organization\",\"name\":\"Norwegian Estates\",\"url\":\"https:\/\/norwegianestates.com\/es\/\",\"logo\":{\"@type\":\"ImageObject\",\"inLanguage\":\"es\",\"@id\":\"https:\/\/norwegianestates.com\/es\/#\/schema\/logo\/image\/\",\"url\":\"https:\/\/norwegianestates.com\/wp-content\/uploads\/2025\/02\/logo-400.jpg\",\"contentUrl\":\"https:\/\/norwegianestates.com\/wp-content\/uploads\/2025\/02\/logo-400.jpg\",\"width\":400,\"height\":111,\"caption\":\"Norwegian Estates\"},\"image\":{\"@id\":\"https:\/\/norwegianestates.com\/es\/#\/schema\/logo\/image\/\"},\"sameAs\":[\"https:\/\/www.facebook.com\/norwegianestates\/\"]}]}<\/script>\n<!-- \/ Yoast SEO plugin. -->","yoast_head_json":{"title":"Pol\u00edtica de cookies - Norwegian Estates","robots":{"index":"index","follow":"follow","max-snippet":"max-snippet:-1","max-image-preview":"max-image-preview:large","max-video-preview":"max-video-preview:-1"},"canonical":"https:\/\/norwegianestates.com\/es\/politica-de-cookies\/","og_locale":"es_ES","og_type":"article","og_title":"Pol\u00edtica de cookies - Norwegian Estates","og_description":"Norwegian Estates informa sobre nuestra Pol\u00edtica de Cookies. \u00bfQu\u00e9 es una cookie? Las cookies son archivos que contienen peque\u00f1as cantidades de informaci\u00f3n que se descargan en el dispositivo que utiliza el usuario al visitar nuestro sitio web. Su principal objetivo es reconocer al usuario (mediante identificadores que no permiten la identificaci\u00f3n de una persona f\u00edsica) [&hellip;]","og_url":"https:\/\/norwegianestates.com\/es\/politica-de-cookies\/","og_site_name":"Norwegian Estates","article_publisher":"https:\/\/www.facebook.com\/norwegianestates\/","article_modified_time":"2025-03-23T18:38:35+00:00","og_image":[{"width":1280,"height":848,"url":"https:\/\/norwegianestates.com\/wp-content\/uploads\/2025\/02\/puerto-banus-806346_1280-1-1.jpg","type":"image\/jpeg"}],"twitter_card":"summary_large_image","twitter_misc":{"Tiempo de lectura":"3 minutos"},"schema":{"@context":"https:\/\/schema.org","@graph":[{"@type":"WebPage","@id":"https:\/\/norwegianestates.com\/es\/politica-de-cookies\/","url":"https:\/\/norwegianestates.com\/es\/politica-de-cookies\/","name":"Pol\u00edtica de cookies - Norwegian Estates","isPartOf":{"@id":"https:\/\/norwegianestates.com\/es\/#website"},"datePublished":"2025-03-23T18:36:40+00:00","dateModified":"2025-03-23T18:38:35+00:00","breadcrumb":{"@id":"https:\/\/norwegianestates.com\/es\/politica-de-cookies\/#breadcrumb"},"inLanguage":"es","potentialAction":[{"@type":"ReadAction","target":["https:\/\/norwegianestates.com\/es\/politica-de-cookies\/"]}]},{"@type":"BreadcrumbList","@id":"https:\/\/norwegianestates.com\/es\/politica-de-cookies\/#breadcrumb","itemListElement":[{"@type":"ListItem","position":1,"name":"Inicio","item":"https:\/\/norwegianestates.com\/es\/"},{"@type":"ListItem","position":2,"name":"Pol\u00edtica de cookies"}]},{"@type":"WebSite","@id":"https:\/\/norwegianestates.com\/es\/#website","url":"https:\/\/norwegianestates.com\/es\/","name":"Norwegian Estates","description":"","publisher":{"@id":"https:\/\/norwegianestates.com\/es\/#organization"},"potentialAction":[{"@type":"SearchAction","target":{"@type":"EntryPoint","urlTemplate":"https:\/\/norwegianestates.com\/es\/?s={search_term_string}"},"query-input":{"@type":"PropertyValueSpecification","valueRequired":true,"valueName":"search_term_string"}}],"inLanguage":"es"},{"@type":"Organization","@id":"https:\/\/norwegianestates.com\/es\/#organization","name":"Norwegian Estates","url":"https:\/\/norwegianestates.com\/es\/","logo":{"@type":"ImageObject","inLanguage":"es","@id":"https:\/\/norwegianestates.com\/es\/#\/schema\/logo\/image\/","url":"https:\/\/norwegianestates.com\/wp-content\/uploads\/2025\/02\/logo-400.jpg","contentUrl":"https:\/\/norwegianestates.com\/wp-content\/uploads\/2025\/02\/logo-400.jpg","width":400,"height":111,"caption":"Norwegian Estates"},"image":{"@id":"https:\/\/norwegianestates.com\/es\/#\/schema\/logo\/image\/"},"sameAs":["https:\/\/www.facebook.com\/norwegianestates\/"]}]}},"_links":{"self":[{"href":"https:\/\/norwegianestates.com\/es\/wp-json\/wp\/v2\/pages\/20764","targetHints":{"allow":["GET"]}}],"collection":[{"href":"https:\/\/norwegianestates.com\/es\/wp-json\/wp\/v2\/pages"}],"about":[{"href":"https:\/\/norwegianestates.com\/es\/wp-json\/wp\/v2\/types\/page"}],"author":[{"embeddable":true,"href":"https:\/\/norwegianestates.com\/es\/wp-json\/wp\/v2\/users\/1"}],"replies":[{"embeddable":true,"href":"https:\/\/norwegianestates.com\/es\/wp-json\/wp\/v2\/comments?post=20764"}],"version-history":[{"count":4,"href":"https:\/\/norwegianestates.com\/es\/wp-json\/wp\/v2\/pages\/20764\/revisions"}],"predecessor-version":[{"id":20768,"href":"https:\/\/norwegianestates.com\/es\/wp-json\/wp\/v2\/pages\/20764\/revisions\/20768"}],"wp:attachment":[{"href":"https:\/\/norwegianestates.com\/es\/wp-json\/wp\/v2\/media?parent=20764"}],"curies":[{"name":"wp","href":"https:\/\/api.w.org\/{rel}","templated":true}]}}