{"id":20769,"date":"2025-03-23T18:43:32","date_gmt":"2025-03-23T18:43:32","guid":{"rendered":"https:\/\/norwegianestates.com\/?page_id=20769"},"modified":"2025-03-23T18:45:39","modified_gmt":"2025-03-23T18:45:39","slug":"proteccion-de-datos","status":"publish","type":"page","link":"https:\/\/norwegianestates.com\/es\/proteccion-de-datos\/","title":{"rendered":"Protecci\u00f3n de datos"},"content":{"rendered":"\t\t<div data-elementor-type=\"wp-page\" data-elementor-id=\"20769\" class=\"elementor elementor-20769 elementor-19558\">\n\t\t\t\t<div class=\"elementor-element elementor-element-785d773d e-flex e-con-boxed e-con e-parent\" data-id=\"785d773d\" data-element_type=\"container\">\n\t\t\t\t\t<div class=\"e-con-inner\">\n\t\t\t\t<div class=\"elementor-element elementor-element-788b59b4 elementor-widget elementor-widget-text-editor\" data-id=\"788b59b4\" data-element_type=\"widget\" data-widget_type=\"text-editor.default\">\n\t\t\t\t<div class=\"elementor-widget-container\">\n\t\t\t\t\t\t\t\t\t\n<p><strong>1. \u00bfQui\u00e9n es el responsable del tratamiento de sus datos?<\/strong><\/p>\n<p>NORWEGIAN ESTATES<br \/>lima@norwegianestates.com<br \/>+34 620 673 206<\/p>\n<p><strong>2. \u00bfCon qu\u00e9 finalidad tratamos sus datos personales?<\/strong><\/p>\n<p>En Norwegian Estates tratamos la informaci\u00f3n que nos proporcionan las personas interesadas para atender su solicitud y enviarle comunicaciones comerciales, as\u00ed como nuestras newsletters.<\/p>\n<p><strong>3. \u00bfDurante cu\u00e1nto tiempo conservaremos sus datos?<\/strong><\/p>\n<p>Los datos se conservar\u00e1n mientras el interesado no solicite su supresi\u00f3n.<\/p>\n<p><strong>4. \u00bfCu\u00e1l es la legitimaci\u00f3n para el tratamiento de sus datos?<\/strong><\/p>\n<p>Le indicamos la base legal para el tratamiento de sus datos:<\/p>\n<p>Consentimiento del interesado: Responder a su solicitud y enviarle comunicaciones comerciales, as\u00ed como nuestras newsletters.<\/p>\n<p><strong>5. \u00bfA qu\u00e9 destinatarios se comunicar\u00e1n sus datos?<\/strong><\/p>\n<p>No se ceder\u00e1n datos a terceros, salvo obligaci\u00f3n legal.<\/p>\n<p><strong>6. Transferencias de datos a terceros pa\u00edses<\/strong><\/p>\n<p>No se prev\u00e9n transferencias de datos a terceros pa\u00edses.<\/p>\n<p><strong>7. \u00bfCu\u00e1les son sus derechos al proporcionarnos su informaci\u00f3n?<\/strong><\/p>\n<p>Cualquier persona tiene derecho a obtener confirmaci\u00f3n sobre si Norwegian Estates est\u00e1 tratando datos personales que le conciernen.<\/p>\n<p>Las personas interesadas tienen derecho a acceder a sus datos personales, as\u00ed como a solicitar la rectificaci\u00f3n de los datos inexactos o, en su caso, solicitar su supresi\u00f3n cuando, entre otros motivos, los datos ya no sean necesarios para los fines que fueron recogidos.<\/p>\n<p>En determinadas circunstancias, los interesados \u200b\u200bpodr\u00e1n solicitar la limitaci\u00f3n del tratamiento de sus datos, en cuyo caso \u00fanicamente los conservaremos para el ejercicio o la defensa de reclamaciones.<\/p>\n<p>En determinadas circunstancias y por motivos relacionados con su situaci\u00f3n particular, los interesados \u200b\u200bpodr\u00e1n oponerse al tratamiento de sus datos. En este caso, Norwegian Estates dejar\u00e1 de tratar los datos, salvo por motivos leg\u00edtimos imperiosos o para el ejercicio o la defensa de posibles reclamaciones.<\/p>\n<p>Puede ejercer sus derechos de la siguiente manera: Puede ejercer sus derechos enviando un correo electr\u00f3nico a: lima@norwegianestates.com<\/p>\n<p>Si ha otorgado su consentimiento para alguna finalidad espec\u00edfica, tiene derecho a retirarlo en cualquier momento, sin que ello afecte a la licitud del tratamiento basado en el consentimiento previo a su retirada.<\/p>\n<p>En caso de que considere vulnerados sus derechos en materia de protecci\u00f3n de datos personales, especialmente si no ha obtenido satisfacci\u00f3n en el ejercicio de sus derechos, puede presentar una reclamaci\u00f3n ante la Autoridad de Control en materia de Protecci\u00f3n de Datos competente a trav\u00e9s de su sitio web: www.agpd.es.<\/p>\n<p><strong>8. \u00bfC\u00f3mo hemos obtenido sus datos?<\/strong><\/p>\n<p>Los datos personales que tratamos en Norwegian Estates proceden del propio interesado.<\/p>\n<p>Las categor\u00edas de datos que se tratan son:<\/p>\n<p>Direcciones electr\u00f3nicas<\/p>\n<p>Informaci\u00f3n de contacto del formulario de contacto<\/p>\n<p>No se tratan categor\u00edas especiales de datos personales (aquellos datos que revelen el origen \u00e9tnico o racial, las opiniones pol\u00edticas, las convicciones religiosas o filos\u00f3ficas, o la afiliaci\u00f3n sindical, datos gen\u00e9ticos, datos biom\u00e9tricos dirigidos a identificar de forma un\u00edvoca a una persona f\u00edsica, datos relacionados con la salud o datos relativos a la vida sexual o la orientaci\u00f3n sexual de una persona f\u00edsica).<\/p>\t\t\t\t\t\t\t\t<\/div>\n\t\t\t\t<\/div>\n\t\t\t\t\t<\/div>\n\t\t\t\t<\/div>\n\t\t\t\t<\/div>\n\t\t","protected":false},"excerpt":{"rendered":"<p>1. \u00bfQui\u00e9n es el responsable del tratamiento de sus datos? NORWEGIAN ESTATESlima@norwegianestates.com+34 620 673 206 2. \u00bfCon qu\u00e9 finalidad tratamos sus datos personales? En Norwegian Estates tratamos la informaci\u00f3n que nos proporcionan las personas interesadas para atender su solicitud y enviarle comunicaciones comerciales, as\u00ed como nuestras newsletters. 3. \u00bfDurante cu\u00e1nto tiempo conservaremos sus datos? Los [&hellip;]<\/p>\n","protected":false},"author":1,"featured_media":0,"parent":0,"menu_order":0,"comment_status":"closed","ping_status":"closed","template":"template\/template-page.php","meta":{"_joinchat":[],"footnotes":""},"class_list":["post-20769","page","type-page","status-publish","hentry"],"yoast_head":"<!-- This site is optimized with the Yoast SEO plugin v27.1.1 - https:\/\/yoast.com\/product\/yoast-seo-wordpress\/ -->\n<title>Protecci\u00f3n de datos - Norwegian Estates<\/title>\n<meta name=\"robots\" content=\"index, follow, max-snippet:-1, max-image-preview:large, max-video-preview:-1\" \/>\n<link rel=\"canonical\" href=\"https:\/\/norwegianestates.com\/es\/proteccion-de-datos\/\" \/>\n<meta property=\"og:locale\" content=\"es_ES\" \/>\n<meta property=\"og:type\" content=\"article\" \/>\n<meta property=\"og:title\" content=\"Protecci\u00f3n de datos - Norwegian Estates\" \/>\n<meta property=\"og:description\" content=\"1. \u00bfQui\u00e9n es el responsable del tratamiento de sus datos? NORWEGIAN ESTATESlima@norwegianestates.com+34 620 673 206 2. \u00bfCon qu\u00e9 finalidad tratamos sus datos personales? En Norwegian Estates tratamos la informaci\u00f3n que nos proporcionan las personas interesadas para atender su solicitud y enviarle comunicaciones comerciales, as\u00ed como nuestras newsletters. 3. \u00bfDurante cu\u00e1nto tiempo conservaremos sus datos? Los [&hellip;]\" \/>\n<meta property=\"og:url\" content=\"https:\/\/norwegianestates.com\/es\/proteccion-de-datos\/\" \/>\n<meta property=\"og:site_name\" content=\"Norwegian Estates\" \/>\n<meta property=\"article:publisher\" content=\"https:\/\/www.facebook.com\/norwegianestates\/\" \/>\n<meta property=\"article:modified_time\" content=\"2025-03-23T18:45:39+00:00\" \/>\n<meta property=\"og:image\" content=\"https:\/\/norwegianestates.com\/wp-content\/uploads\/2025\/02\/puerto-banus-806346_1280-1-1.jpg\" \/>\n\t<meta property=\"og:image:width\" content=\"1280\" \/>\n\t<meta property=\"og:image:height\" content=\"848\" \/>\n\t<meta property=\"og:image:type\" content=\"image\/jpeg\" \/>\n<meta name=\"twitter:card\" content=\"summary_large_image\" \/>\n<meta name=\"twitter:label1\" content=\"Tiempo de lectura\" \/>\n\t<meta name=\"twitter:data1\" content=\"3 minutos\" \/>\n<script type=\"application\/ld+json\" class=\"yoast-schema-graph\">{\"@context\":\"https:\/\/schema.org\",\"@graph\":[{\"@type\":\"WebPage\",\"@id\":\"https:\/\/norwegianestates.com\/es\/proteccion-de-datos\/\",\"url\":\"https:\/\/norwegianestates.com\/es\/proteccion-de-datos\/\",\"name\":\"Protecci\u00f3n de datos - Norwegian Estates\",\"isPartOf\":{\"@id\":\"https:\/\/norwegianestates.com\/es\/#website\"},\"datePublished\":\"2025-03-23T18:43:32+00:00\",\"dateModified\":\"2025-03-23T18:45:39+00:00\",\"breadcrumb\":{\"@id\":\"https:\/\/norwegianestates.com\/es\/proteccion-de-datos\/#breadcrumb\"},\"inLanguage\":\"es\",\"potentialAction\":[{\"@type\":\"ReadAction\",\"target\":[\"https:\/\/norwegianestates.com\/es\/proteccion-de-datos\/\"]}]},{\"@type\":\"BreadcrumbList\",\"@id\":\"https:\/\/norwegianestates.com\/es\/proteccion-de-datos\/#breadcrumb\",\"itemListElement\":[{\"@type\":\"ListItem\",\"position\":1,\"name\":\"Inicio\",\"item\":\"https:\/\/norwegianestates.com\/es\/\"},{\"@type\":\"ListItem\",\"position\":2,\"name\":\"Protecci\u00f3n de datos\"}]},{\"@type\":\"WebSite\",\"@id\":\"https:\/\/norwegianestates.com\/es\/#website\",\"url\":\"https:\/\/norwegianestates.com\/es\/\",\"name\":\"Norwegian Estates\",\"description\":\"\",\"publisher\":{\"@id\":\"https:\/\/norwegianestates.com\/es\/#organization\"},\"potentialAction\":[{\"@type\":\"SearchAction\",\"target\":{\"@type\":\"EntryPoint\",\"urlTemplate\":\"https:\/\/norwegianestates.com\/es\/?s={search_term_string}\"},\"query-input\":{\"@type\":\"PropertyValueSpecification\",\"valueRequired\":true,\"valueName\":\"search_term_string\"}}],\"inLanguage\":\"es\"},{\"@type\":\"Organization\",\"@id\":\"https:\/\/norwegianestates.com\/es\/#organization\",\"name\":\"Norwegian Estates\",\"url\":\"https:\/\/norwegianestates.com\/es\/\",\"logo\":{\"@type\":\"ImageObject\",\"inLanguage\":\"es\",\"@id\":\"https:\/\/norwegianestates.com\/es\/#\/schema\/logo\/image\/\",\"url\":\"https:\/\/norwegianestates.com\/wp-content\/uploads\/2025\/02\/logo-400.jpg\",\"contentUrl\":\"https:\/\/norwegianestates.com\/wp-content\/uploads\/2025\/02\/logo-400.jpg\",\"width\":400,\"height\":111,\"caption\":\"Norwegian Estates\"},\"image\":{\"@id\":\"https:\/\/norwegianestates.com\/es\/#\/schema\/logo\/image\/\"},\"sameAs\":[\"https:\/\/www.facebook.com\/norwegianestates\/\"]}]}<\/script>\n<!-- \/ Yoast SEO plugin. -->","yoast_head_json":{"title":"Protecci\u00f3n de datos - Norwegian Estates","robots":{"index":"index","follow":"follow","max-snippet":"max-snippet:-1","max-image-preview":"max-image-preview:large","max-video-preview":"max-video-preview:-1"},"canonical":"https:\/\/norwegianestates.com\/es\/proteccion-de-datos\/","og_locale":"es_ES","og_type":"article","og_title":"Protecci\u00f3n de datos - Norwegian Estates","og_description":"1. \u00bfQui\u00e9n es el responsable del tratamiento de sus datos? NORWEGIAN ESTATESlima@norwegianestates.com+34 620 673 206 2. \u00bfCon qu\u00e9 finalidad tratamos sus datos personales? En Norwegian Estates tratamos la informaci\u00f3n que nos proporcionan las personas interesadas para atender su solicitud y enviarle comunicaciones comerciales, as\u00ed como nuestras newsletters. 3. \u00bfDurante cu\u00e1nto tiempo conservaremos sus datos? Los [&hellip;]","og_url":"https:\/\/norwegianestates.com\/es\/proteccion-de-datos\/","og_site_name":"Norwegian Estates","article_publisher":"https:\/\/www.facebook.com\/norwegianestates\/","article_modified_time":"2025-03-23T18:45:39+00:00","og_image":[{"width":1280,"height":848,"url":"https:\/\/norwegianestates.com\/wp-content\/uploads\/2025\/02\/puerto-banus-806346_1280-1-1.jpg","type":"image\/jpeg"}],"twitter_card":"summary_large_image","twitter_misc":{"Tiempo de lectura":"3 minutos"},"schema":{"@context":"https:\/\/schema.org","@graph":[{"@type":"WebPage","@id":"https:\/\/norwegianestates.com\/es\/proteccion-de-datos\/","url":"https:\/\/norwegianestates.com\/es\/proteccion-de-datos\/","name":"Protecci\u00f3n de datos - Norwegian Estates","isPartOf":{"@id":"https:\/\/norwegianestates.com\/es\/#website"},"datePublished":"2025-03-23T18:43:32+00:00","dateModified":"2025-03-23T18:45:39+00:00","breadcrumb":{"@id":"https:\/\/norwegianestates.com\/es\/proteccion-de-datos\/#breadcrumb"},"inLanguage":"es","potentialAction":[{"@type":"ReadAction","target":["https:\/\/norwegianestates.com\/es\/proteccion-de-datos\/"]}]},{"@type":"BreadcrumbList","@id":"https:\/\/norwegianestates.com\/es\/proteccion-de-datos\/#breadcrumb","itemListElement":[{"@type":"ListItem","position":1,"name":"Inicio","item":"https:\/\/norwegianestates.com\/es\/"},{"@type":"ListItem","position":2,"name":"Protecci\u00f3n de datos"}]},{"@type":"WebSite","@id":"https:\/\/norwegianestates.com\/es\/#website","url":"https:\/\/norwegianestates.com\/es\/","name":"Norwegian Estates","description":"","publisher":{"@id":"https:\/\/norwegianestates.com\/es\/#organization"},"potentialAction":[{"@type":"SearchAction","target":{"@type":"EntryPoint","urlTemplate":"https:\/\/norwegianestates.com\/es\/?s={search_term_string}"},"query-input":{"@type":"PropertyValueSpecification","valueRequired":true,"valueName":"search_term_string"}}],"inLanguage":"es"},{"@type":"Organization","@id":"https:\/\/norwegianestates.com\/es\/#organization","name":"Norwegian Estates","url":"https:\/\/norwegianestates.com\/es\/","logo":{"@type":"ImageObject","inLanguage":"es","@id":"https:\/\/norwegianestates.com\/es\/#\/schema\/logo\/image\/","url":"https:\/\/norwegianestates.com\/wp-content\/uploads\/2025\/02\/logo-400.jpg","contentUrl":"https:\/\/norwegianestates.com\/wp-content\/uploads\/2025\/02\/logo-400.jpg","width":400,"height":111,"caption":"Norwegian Estates"},"image":{"@id":"https:\/\/norwegianestates.com\/es\/#\/schema\/logo\/image\/"},"sameAs":["https:\/\/www.facebook.com\/norwegianestates\/"]}]}},"_links":{"self":[{"href":"https:\/\/norwegianestates.com\/es\/wp-json\/wp\/v2\/pages\/20769","targetHints":{"allow":["GET"]}}],"collection":[{"href":"https:\/\/norwegianestates.com\/es\/wp-json\/wp\/v2\/pages"}],"about":[{"href":"https:\/\/norwegianestates.com\/es\/wp-json\/wp\/v2\/types\/page"}],"author":[{"embeddable":true,"href":"https:\/\/norwegianestates.com\/es\/wp-json\/wp\/v2\/users\/1"}],"replies":[{"embeddable":true,"href":"https:\/\/norwegianestates.com\/es\/wp-json\/wp\/v2\/comments?post=20769"}],"version-history":[{"count":4,"href":"https:\/\/norwegianestates.com\/es\/wp-json\/wp\/v2\/pages\/20769\/revisions"}],"predecessor-version":[{"id":20773,"href":"https:\/\/norwegianestates.com\/es\/wp-json\/wp\/v2\/pages\/20769\/revisions\/20773"}],"wp:attachment":[{"href":"https:\/\/norwegianestates.com\/es\/wp-json\/wp\/v2\/media?parent=20769"}],"curies":[{"name":"wp","href":"https:\/\/api.w.org\/{rel}","templated":true}]}}