{"id":20774,"date":"2025-03-24T08:21:55","date_gmt":"2025-03-24T08:21:55","guid":{"rendered":"https:\/\/norwegianestates.com\/?page_id=20774"},"modified":"2025-03-24T08:29:14","modified_gmt":"2025-03-24T08:29:14","slug":"politica-de-privacidad","status":"publish","type":"page","link":"https:\/\/norwegianestates.com\/es\/politica-de-privacidad\/","title":{"rendered":"Pol\u00edtica de privacidad"},"content":{"rendered":"\t\t<div data-elementor-type=\"wp-page\" data-elementor-id=\"20774\" class=\"elementor elementor-20774 elementor-748\">\n\t\t\t\t<div class=\"elementor-element elementor-element-7c017230 e-flex e-con-boxed e-con e-parent\" data-id=\"7c017230\" data-element_type=\"container\">\n\t\t\t\t\t<div class=\"e-con-inner\">\n\t\t\t\t<div class=\"elementor-element elementor-element-eaf0871 elementor-widget elementor-widget-text-editor\" data-id=\"eaf0871\" data-element_type=\"widget\" data-widget_type=\"text-editor.default\">\n\t\t\t\t<div class=\"elementor-widget-container\">\n\t\t\t\t\t\t\t\t\t<p>En Norwegian Estates, accesible desde https:\/\/norwegianestates.com\/, una de nuestras principales prioridades es la privacidad de nuestros visitantes. Este documento de Pol\u00edtica de Privacidad contiene los tipos de informaci\u00f3n que Norwegian Estates recopila y registra, as\u00ed como el uso que hacemos de ella.<\/p><p>Si tiene alguna pregunta o necesita m\u00e1s informaci\u00f3n sobre nuestra Pol\u00edtica de Privacidad, no dude en contactarnos.<\/p><p><strong>Archivos de Registro<\/strong><\/p><p>Norwegian Estates sigue un procedimiento est\u00e1ndar para el uso de archivos de registro. Estos archivos registran a los visitantes cuando visitan sitios web. Todas las empresas de alojamiento web lo hacen y forman parte del an\u00e1lisis de sus servicios. La informaci\u00f3n recopilada por los archivos de registro incluye direcciones de protocolo de internet (IP), tipo de navegador, proveedor de servicios de internet (ISP), fecha y hora, p\u00e1ginas de referencia\/salida y, posiblemente, el n\u00famero de clics. Estos datos no est\u00e1n vinculados a ninguna informaci\u00f3n de identificaci\u00f3n personal. El prop\u00f3sito de la informaci\u00f3n es analizar tendencias, administrar el sitio, rastrear los movimientos de los usuarios en el sitio web y recopilar informaci\u00f3n demogr\u00e1fica.<\/p><p><strong>Cookies y balizas web<\/strong><\/p><p>Como cualquier otro sitio web, Norwegian Estates utiliza cookies. Estas cookies se utilizan para almacenar informaci\u00f3n, incluyendo las preferencias de los visitantes y las p\u00e1ginas del sitio web que accedieron o visitaron. Esta informaci\u00f3n se utiliza para optimizar la experiencia del usuario personalizando el contenido de nuestra p\u00e1gina web seg\u00fan el tipo de navegador del visitante y\/u otra informaci\u00f3n.<\/p><p><strong>Pol\u00edticas de Privacidad<\/strong><\/p><p>Puede consultar esta lista para encontrar la Pol\u00edtica de Privacidad de cada uno de los socios publicitarios de Norwegian Estates. Nuestra Pol\u00edtica de Privacidad se cre\u00f3 con la ayuda del Generador de Pol\u00edticas de Privacidad y el Generador de Pol\u00edticas de Privacidad Online.<\/p><p>Los servidores o redes publicitarias de terceros utilizan tecnolog\u00edas como cookies, JavaScript o balizas web que se utilizan en sus respectivos anuncios y enlaces que aparecen en Norwegian Estates, los cuales se env\u00edan directamente al navegador del usuario. Reciben autom\u00e1ticamente su direcci\u00f3n IP cuando esto ocurre. Estas tecnolog\u00edas se utilizan para medir la eficacia de sus campa\u00f1as publicitarias y\/o para personalizar el contenido publicitario que ve en los sitios web que visita.<\/p><p>Tenga en cuenta que Norwegian Estates no tiene acceso ni control sobre estas cookies utilizadas por anunciantes externos.<\/p><p><strong>Pol\u00edticas de Privacidad de Terceros<\/strong><\/p><p>La Pol\u00edtica de Privacidad de Norwegian Estates no aplica a otros anunciantes ni sitios web. Por lo tanto, le recomendamos consultar las Pol\u00edticas de Privacidad de estos servidores de anuncios externos para obtener informaci\u00f3n m\u00e1s detallada. Estas pueden incluir sus pr\u00e1cticas e instrucciones sobre c\u00f3mo desactivar ciertas opciones.<\/p><p>Puede desactivar las cookies a trav\u00e9s de las opciones de su navegador. Para obtener informaci\u00f3n m\u00e1s detallada sobre la gesti\u00f3n de cookies en navegadores web espec\u00edficos, consulte los sitios web de cada navegador. \u00bfQu\u00e9 son las cookies?<\/p><p><strong>Informaci\u00f3n Infantil<\/strong><\/p><p>Otra prioridad para nosotros es brindar protecci\u00f3n a los ni\u00f1os mientras usan internet. Animamos a los padres y tutores a observar, participar, supervisar y guiar su actividad en l\u00ednea.<\/p><p>Norwegian Estates no recopila deliberadamente informaci\u00f3n personal identificable de ni\u00f1os menores de 13 a\u00f1os. Si cree que su hijo ha proporcionado este tipo de informaci\u00f3n en nuestro sitio web, le recomendamos encarecidamente que se ponga en contacto con nosotros de inmediato y haremos todo lo posible para eliminar dicha informaci\u00f3n de nuestros registros lo antes posible.<\/p><p><strong>Pol\u00edtica de Privacidad Solo en L\u00ednea<\/strong><\/p><p>Esta Pol\u00edtica de Privacidad se aplica \u00fanicamente a nuestras actividades en l\u00ednea y es v\u00e1lida para quienes visitan nuestro sitio web en relaci\u00f3n con la informaci\u00f3n que comparten o recopilan en Norwegian Estates. Esta pol\u00edtica no se aplica a la informaci\u00f3n recopilada fuera de l\u00ednea o a trav\u00e9s de canales distintos a este sitio web.<\/p><p><strong>Consentimiento<\/strong><\/p><p>Al utilizar nuestro sitio web, usted acepta nuestra Pol\u00edtica de Privacidad y sus T\u00e9rminos y Condiciones.<\/p>\t\t\t\t\t\t\t\t<\/div>\n\t\t\t\t<\/div>\n\t\t\t\t\t<\/div>\n\t\t\t\t<\/div>\n\t\t\t\t<\/div>\n\t\t","protected":false},"excerpt":{"rendered":"<p>En Norwegian Estates, accesible desde https:\/\/norwegianestates.com\/, una de nuestras principales prioridades es la privacidad de nuestros visitantes. Este documento de Pol\u00edtica de Privacidad contiene los tipos de informaci\u00f3n que Norwegian Estates recopila y registra, as\u00ed como el uso que hacemos de ella. Si tiene alguna pregunta o necesita m\u00e1s informaci\u00f3n sobre nuestra Pol\u00edtica de Privacidad, [&hellip;]<\/p>\n","protected":false},"author":1,"featured_media":0,"parent":0,"menu_order":0,"comment_status":"closed","ping_status":"closed","template":"template\/template-page.php","meta":{"_joinchat":[],"footnotes":""},"class_list":["post-20774","page","type-page","status-publish","hentry"],"yoast_head":"<!-- This site is optimized with the Yoast SEO plugin v27.1.1 - https:\/\/yoast.com\/product\/yoast-seo-wordpress\/ -->\n<title>Pol\u00edtica de privacidad - Norwegian Estates<\/title>\n<meta name=\"robots\" content=\"index, follow, max-snippet:-1, max-image-preview:large, max-video-preview:-1\" \/>\n<link rel=\"canonical\" href=\"https:\/\/norwegianestates.com\/es\/politica-de-privacidad\/\" \/>\n<meta property=\"og:locale\" content=\"es_ES\" \/>\n<meta property=\"og:type\" content=\"article\" \/>\n<meta property=\"og:title\" content=\"Pol\u00edtica de privacidad - Norwegian Estates\" \/>\n<meta property=\"og:description\" content=\"En Norwegian Estates, accesible desde https:\/\/norwegianestates.com\/, una de nuestras principales prioridades es la privacidad de nuestros visitantes. Este documento de Pol\u00edtica de Privacidad contiene los tipos de informaci\u00f3n que Norwegian Estates recopila y registra, as\u00ed como el uso que hacemos de ella. Si tiene alguna pregunta o necesita m\u00e1s informaci\u00f3n sobre nuestra Pol\u00edtica de Privacidad, [&hellip;]\" \/>\n<meta property=\"og:url\" content=\"https:\/\/norwegianestates.com\/es\/politica-de-privacidad\/\" \/>\n<meta property=\"og:site_name\" content=\"Norwegian Estates\" \/>\n<meta property=\"article:publisher\" content=\"https:\/\/www.facebook.com\/norwegianestates\/\" \/>\n<meta property=\"article:modified_time\" content=\"2025-03-24T08:29:14+00:00\" \/>\n<meta property=\"og:image\" content=\"https:\/\/norwegianestates.com\/wp-content\/uploads\/2025\/02\/puerto-banus-806346_1280-1-1.jpg\" \/>\n\t<meta property=\"og:image:width\" content=\"1280\" \/>\n\t<meta property=\"og:image:height\" content=\"848\" \/>\n\t<meta property=\"og:image:type\" content=\"image\/jpeg\" \/>\n<meta name=\"twitter:card\" content=\"summary_large_image\" \/>\n<meta name=\"twitter:label1\" content=\"Tiempo de lectura\" \/>\n\t<meta name=\"twitter:data1\" content=\"3 minutos\" \/>\n<script type=\"application\/ld+json\" class=\"yoast-schema-graph\">{\"@context\":\"https:\/\/schema.org\",\"@graph\":[{\"@type\":\"WebPage\",\"@id\":\"https:\/\/norwegianestates.com\/es\/politica-de-privacidad\/\",\"url\":\"https:\/\/norwegianestates.com\/es\/politica-de-privacidad\/\",\"name\":\"Pol\u00edtica de privacidad - Norwegian Estates\",\"isPartOf\":{\"@id\":\"https:\/\/norwegianestates.com\/es\/#website\"},\"datePublished\":\"2025-03-24T08:21:55+00:00\",\"dateModified\":\"2025-03-24T08:29:14+00:00\",\"breadcrumb\":{\"@id\":\"https:\/\/norwegianestates.com\/es\/politica-de-privacidad\/#breadcrumb\"},\"inLanguage\":\"es\",\"potentialAction\":[{\"@type\":\"ReadAction\",\"target\":[\"https:\/\/norwegianestates.com\/es\/politica-de-privacidad\/\"]}]},{\"@type\":\"BreadcrumbList\",\"@id\":\"https:\/\/norwegianestates.com\/es\/politica-de-privacidad\/#breadcrumb\",\"itemListElement\":[{\"@type\":\"ListItem\",\"position\":1,\"name\":\"Inicio\",\"item\":\"https:\/\/norwegianestates.com\/es\/\"},{\"@type\":\"ListItem\",\"position\":2,\"name\":\"Pol\u00edtica de privacidad\"}]},{\"@type\":\"WebSite\",\"@id\":\"https:\/\/norwegianestates.com\/es\/#website\",\"url\":\"https:\/\/norwegianestates.com\/es\/\",\"name\":\"Norwegian Estates\",\"description\":\"\",\"publisher\":{\"@id\":\"https:\/\/norwegianestates.com\/es\/#organization\"},\"potentialAction\":[{\"@type\":\"SearchAction\",\"target\":{\"@type\":\"EntryPoint\",\"urlTemplate\":\"https:\/\/norwegianestates.com\/es\/?s={search_term_string}\"},\"query-input\":{\"@type\":\"PropertyValueSpecification\",\"valueRequired\":true,\"valueName\":\"search_term_string\"}}],\"inLanguage\":\"es\"},{\"@type\":\"Organization\",\"@id\":\"https:\/\/norwegianestates.com\/es\/#organization\",\"name\":\"Norwegian Estates\",\"url\":\"https:\/\/norwegianestates.com\/es\/\",\"logo\":{\"@type\":\"ImageObject\",\"inLanguage\":\"es\",\"@id\":\"https:\/\/norwegianestates.com\/es\/#\/schema\/logo\/image\/\",\"url\":\"https:\/\/norwegianestates.com\/wp-content\/uploads\/2025\/02\/logo-400.jpg\",\"contentUrl\":\"https:\/\/norwegianestates.com\/wp-content\/uploads\/2025\/02\/logo-400.jpg\",\"width\":400,\"height\":111,\"caption\":\"Norwegian Estates\"},\"image\":{\"@id\":\"https:\/\/norwegianestates.com\/es\/#\/schema\/logo\/image\/\"},\"sameAs\":[\"https:\/\/www.facebook.com\/norwegianestates\/\"]}]}<\/script>\n<!-- \/ Yoast SEO plugin. -->","yoast_head_json":{"title":"Pol\u00edtica de privacidad - Norwegian Estates","robots":{"index":"index","follow":"follow","max-snippet":"max-snippet:-1","max-image-preview":"max-image-preview:large","max-video-preview":"max-video-preview:-1"},"canonical":"https:\/\/norwegianestates.com\/es\/politica-de-privacidad\/","og_locale":"es_ES","og_type":"article","og_title":"Pol\u00edtica de privacidad - Norwegian Estates","og_description":"En Norwegian Estates, accesible desde https:\/\/norwegianestates.com\/, una de nuestras principales prioridades es la privacidad de nuestros visitantes. Este documento de Pol\u00edtica de Privacidad contiene los tipos de informaci\u00f3n que Norwegian Estates recopila y registra, as\u00ed como el uso que hacemos de ella. Si tiene alguna pregunta o necesita m\u00e1s informaci\u00f3n sobre nuestra Pol\u00edtica de Privacidad, [&hellip;]","og_url":"https:\/\/norwegianestates.com\/es\/politica-de-privacidad\/","og_site_name":"Norwegian Estates","article_publisher":"https:\/\/www.facebook.com\/norwegianestates\/","article_modified_time":"2025-03-24T08:29:14+00:00","og_image":[{"width":1280,"height":848,"url":"https:\/\/norwegianestates.com\/wp-content\/uploads\/2025\/02\/puerto-banus-806346_1280-1-1.jpg","type":"image\/jpeg"}],"twitter_card":"summary_large_image","twitter_misc":{"Tiempo de lectura":"3 minutos"},"schema":{"@context":"https:\/\/schema.org","@graph":[{"@type":"WebPage","@id":"https:\/\/norwegianestates.com\/es\/politica-de-privacidad\/","url":"https:\/\/norwegianestates.com\/es\/politica-de-privacidad\/","name":"Pol\u00edtica de privacidad - Norwegian Estates","isPartOf":{"@id":"https:\/\/norwegianestates.com\/es\/#website"},"datePublished":"2025-03-24T08:21:55+00:00","dateModified":"2025-03-24T08:29:14+00:00","breadcrumb":{"@id":"https:\/\/norwegianestates.com\/es\/politica-de-privacidad\/#breadcrumb"},"inLanguage":"es","potentialAction":[{"@type":"ReadAction","target":["https:\/\/norwegianestates.com\/es\/politica-de-privacidad\/"]}]},{"@type":"BreadcrumbList","@id":"https:\/\/norwegianestates.com\/es\/politica-de-privacidad\/#breadcrumb","itemListElement":[{"@type":"ListItem","position":1,"name":"Inicio","item":"https:\/\/norwegianestates.com\/es\/"},{"@type":"ListItem","position":2,"name":"Pol\u00edtica de privacidad"}]},{"@type":"WebSite","@id":"https:\/\/norwegianestates.com\/es\/#website","url":"https:\/\/norwegianestates.com\/es\/","name":"Norwegian Estates","description":"","publisher":{"@id":"https:\/\/norwegianestates.com\/es\/#organization"},"potentialAction":[{"@type":"SearchAction","target":{"@type":"EntryPoint","urlTemplate":"https:\/\/norwegianestates.com\/es\/?s={search_term_string}"},"query-input":{"@type":"PropertyValueSpecification","valueRequired":true,"valueName":"search_term_string"}}],"inLanguage":"es"},{"@type":"Organization","@id":"https:\/\/norwegianestates.com\/es\/#organization","name":"Norwegian Estates","url":"https:\/\/norwegianestates.com\/es\/","logo":{"@type":"ImageObject","inLanguage":"es","@id":"https:\/\/norwegianestates.com\/es\/#\/schema\/logo\/image\/","url":"https:\/\/norwegianestates.com\/wp-content\/uploads\/2025\/02\/logo-400.jpg","contentUrl":"https:\/\/norwegianestates.com\/wp-content\/uploads\/2025\/02\/logo-400.jpg","width":400,"height":111,"caption":"Norwegian Estates"},"image":{"@id":"https:\/\/norwegianestates.com\/es\/#\/schema\/logo\/image\/"},"sameAs":["https:\/\/www.facebook.com\/norwegianestates\/"]}]}},"_links":{"self":[{"href":"https:\/\/norwegianestates.com\/es\/wp-json\/wp\/v2\/pages\/20774","targetHints":{"allow":["GET"]}}],"collection":[{"href":"https:\/\/norwegianestates.com\/es\/wp-json\/wp\/v2\/pages"}],"about":[{"href":"https:\/\/norwegianestates.com\/es\/wp-json\/wp\/v2\/types\/page"}],"author":[{"embeddable":true,"href":"https:\/\/norwegianestates.com\/es\/wp-json\/wp\/v2\/users\/1"}],"replies":[{"embeddable":true,"href":"https:\/\/norwegianestates.com\/es\/wp-json\/wp\/v2\/comments?post=20774"}],"version-history":[{"count":4,"href":"https:\/\/norwegianestates.com\/es\/wp-json\/wp\/v2\/pages\/20774\/revisions"}],"predecessor-version":[{"id":20779,"href":"https:\/\/norwegianestates.com\/es\/wp-json\/wp\/v2\/pages\/20774\/revisions\/20779"}],"wp:attachment":[{"href":"https:\/\/norwegianestates.com\/es\/wp-json\/wp\/v2\/media?parent=20774"}],"curies":[{"name":"wp","href":"https:\/\/api.w.org\/{rel}","templated":true}]}}